{"id":412,"date":"2022-07-21T15:31:54","date_gmt":"2022-07-21T13:31:54","guid":{"rendered":"https:\/\/liuterianatolini.ch\/wer-bin-ich\/"},"modified":"2025-05-05T18:53:52","modified_gmt":"2025-05-05T16:53:52","slug":"wer-bin-ich","status":"publish","type":"page","link":"https:\/\/liuterianatolini.ch\/de\/wer-bin-ich\/","title":{"rendered":"Wer bin ich"},"content":{"rendered":"\t\t<div data-elementor-type=\"wp-page\" data-elementor-id=\"412\" class=\"elementor elementor-412 elementor-99\" data-elementor-post-type=\"page\">\n\t\t\t\t\t\t<section class=\"elementor-section elementor-top-section elementor-element elementor-element-4e3d6115 elementor-section-content-middle elementor-section-boxed elementor-section-height-default elementor-section-height-default\" data-id=\"4e3d6115\" data-element_type=\"section\" data-e-type=\"section\" data-settings=\"{&quot;background_background&quot;:&quot;classic&quot;}\">\n\t\t\t\t\t\t\t<div class=\"elementor-background-overlay\"><\/div>\n\t\t\t\t\t\t\t<div class=\"elementor-container elementor-column-gap-default\">\n\t\t\t\t\t<div class=\"elementor-column elementor-col-100 elementor-top-column elementor-element elementor-element-1668bfc2\" data-id=\"1668bfc2\" data-element_type=\"column\" data-e-type=\"column\">\n\t\t\t<div class=\"elementor-widget-wrap elementor-element-populated\">\n\t\t\t\t\t\t<div class=\"elementor-element elementor-element-dedd3b4 elementor-invisible elementor-widget elementor-widget-heading\" data-id=\"dedd3b4\" data-element_type=\"widget\" data-e-type=\"widget\" data-settings=\"{&quot;_animation&quot;:&quot;fadeInUp&quot;}\" data-widget_type=\"heading.default\">\n\t\t\t\t<div class=\"elementor-widget-container\">\n\t\t\t\t\t<h2 class=\"elementor-heading-title elementor-size-default\">VALENTINO NATOLINI<\/h2>\t\t\t\t<\/div>\n\t\t\t\t<\/div>\n\t\t\t\t\t<\/div>\n\t\t<\/div>\n\t\t\t\t\t<\/div>\n\t\t<\/section>\n\t\t\t\t<section class=\"elementor-section elementor-top-section elementor-element elementor-element-40fb20fe elementor-section-boxed elementor-section-height-default elementor-section-height-default\" data-id=\"40fb20fe\" data-element_type=\"section\" data-e-type=\"section\">\n\t\t\t\t\t\t<div class=\"elementor-container elementor-column-gap-default\">\n\t\t\t\t\t<div class=\"elementor-column elementor-col-50 elementor-top-column elementor-element elementor-element-7fd20e3b\" data-id=\"7fd20e3b\" data-element_type=\"column\" data-e-type=\"column\">\n\t\t\t<div class=\"elementor-widget-wrap elementor-element-populated\">\n\t\t\t\t\t\t<div class=\"elementor-element elementor-element-230c2eb1 elementor-widget elementor-widget-image\" data-id=\"230c2eb1\" data-element_type=\"widget\" data-e-type=\"widget\" data-widget_type=\"image.default\">\n\t\t\t\t<div class=\"elementor-widget-container\">\n\t\t\t\t\t\t\t\t\t\t\t\t\t\t\t<img fetchpriority=\"high\" decoding=\"async\" width=\"702\" height=\"1024\" src=\"https:\/\/liuterianatolini.ch\/wp-content\/uploads\/sites\/40\/2025\/05\/curriculum-1-702x1024.jpg\" class=\"attachment-large size-large wp-image-879\" alt=\"\" srcset=\"https:\/\/liuterianatolini.ch\/wp-content\/uploads\/sites\/40\/2025\/05\/curriculum-1-702x1024.jpg 702w, https:\/\/liuterianatolini.ch\/wp-content\/uploads\/sites\/40\/2025\/05\/curriculum-1-206x300.jpg 206w, https:\/\/liuterianatolini.ch\/wp-content\/uploads\/sites\/40\/2025\/05\/curriculum-1.jpg 750w\" sizes=\"(max-width: 702px) 100vw, 702px\" \/>\t\t\t\t\t\t\t\t\t\t\t\t\t\t\t<\/div>\n\t\t\t\t<\/div>\n\t\t\t\t\t<\/div>\n\t\t<\/div>\n\t\t\t\t<div class=\"elementor-column elementor-col-50 elementor-top-column elementor-element elementor-element-521b0d60\" data-id=\"521b0d60\" data-element_type=\"column\" data-e-type=\"column\">\n\t\t\t<div class=\"elementor-widget-wrap elementor-element-populated\">\n\t\t\t\t\t\t<div class=\"elementor-element elementor-element-481a61d8 elementor-widget elementor-widget-heading\" data-id=\"481a61d8\" data-element_type=\"widget\" data-e-type=\"widget\" data-widget_type=\"heading.default\">\n\t\t\t\t<div class=\"elementor-widget-container\">\n\t\t\t\t\t<h3 class=\"elementor-heading-title elementor-size-default\">Meine Geschichte<\/h3>\t\t\t\t<\/div>\n\t\t\t\t<\/div>\n\t\t\t\t<div class=\"elementor-element elementor-element-3a7f0df0 elementor-widget elementor-widget-text-editor\" data-id=\"3a7f0df0\" data-element_type=\"widget\" data-e-type=\"widget\" data-widget_type=\"text-editor.default\">\n\t\t\t\t<div class=\"elementor-widget-container\">\n\t\t\t\t\t\t\t\t\t<div class=\"vc_row wpb_row vc_row-fluid eltd-section eltd-content-aligment-left eltd-grid-section\" data-eltd-parallax-speed=\"1\"><div class=\"clearfix eltd-section-inner\"><div class=\"eltd-section-inner-margin clearfix\"><div class=\"wpb_column vc_column_container vc_col-sm-6\"><div class=\"vc_column-inner\"><div class=\"wpb_wrapper\"><div class=\"wpb_text_column wpb_content_element \"><div class=\"wpb_wrapper\"><p><br>Valentino Natolini wurde 1976 in Lugano geboren. 2000 machte er seinen Abschluss an der I.P.A.L.L. &#8218;Antonio Stradivari&#8216; Geigenbauschule in Cremona unter der Leitung der Meister Massimo Negroni, Wanna Zambelli und Claudio Amighetti.<\/p><\/div><\/div><\/div><\/div><\/div><div class=\"wpb_column vc_column_container vc_col-sm-6\"><div class=\"vc_column-inner\"><div class=\"wpb_wrapper\"><div class=\"wpb_text_column wpb_content_element \"><div class=\"wpb_wrapper\"><p>Im gleichen Zeitraum besuchte er die von der Region Lombardei organisierten erg\u00e4nzenden Spezialisierungskurse und absolvierte seine Ausbildung in der Werkstatt von Giorgio Grisales.<br>Seit 2001 arbeitet er in der Werkstatt von Giorgio Lanini in Locarno, wo er Wartungs- und Restaurierungsarbeiten an Streichinstrumenten durchf\u00fchrt.  <\/p><p>Aufgrund seiner Leidenschaft und seines Wissens \u00fcber Mandolinen wurde er von der Geigenbauschule gebeten, an der Katalogisierung der antiken Zupfinstrumente einer bedeutenden Privatsammlung mitzuarbeiten. So entstand die Idee, zusammen mit Giorgio Lanini mit dem Bau neapolitanischer Mandolinen zu beginnen. <\/p><p>Im Jahr 2003 arbeitete er auch bei Maurizio Tadioli in Cremona an der Konstruktion von Streichinstrumenten. Gleichzeitig arbeitet er in seiner eigenen Geigenbauwerkstatt in Barbengo haupts\u00e4chlich an der Konstruktion und ist f\u00fcr Musiker in der Schweiz und im Ausland t\u00e4tig. <\/p><p>Im Jahr 2005 gr\u00fcndete er zusammen mit Giorgio Lanini die Firma LANINI &amp; NATOLINI SA und wurde sp\u00e4ter ihr Eigent\u00fcmer. Ein paar Jahre sp\u00e4ter nahm er auch Kontrab\u00e4sse in sein Repertoire auf.   <\/p><p>Dank des Austauschs mit anderen Fachleuten beginnt er ab 2020 eine neue Konstruktionsphase, die auf der historischen Erforschung der klassischen Cremoneser Instrumente basiert und sich auf die Wahl der Materialien und die Genauigkeit der Details konzentriert. Gleichzeitig kreiert er auf Wunsch von Mattia Zappa, einem international renommierten Cellisten, das 5-saitige Cello, das sich an dem antiken &#8218;kleinen Cello&#8216; orientiert. Valentino hat seine Leidenschaft f\u00fcr seine Arbeit an seine Kinder weitergegeben. Sie durften mit ihm zusammen mit dem Werkzeug experimentieren, das polierte Holz streicheln und den Lack auftragen.  <\/p><\/div><\/div><\/div><\/div><\/div><\/div><\/div><\/div>\t\t\t\t\t\t\t\t<\/div>\n\t\t\t\t<\/div>\n\t\t\t\t<div class=\"elementor-element elementor-element-167ed6e9 elementor-widget elementor-widget-text-editor\" data-id=\"167ed6e9\" data-element_type=\"widget\" data-e-type=\"widget\" data-widget_type=\"text-editor.default\">\n\t\t\t\t<div class=\"elementor-widget-container\">\n\t\t\t\t\t\t\t\t\t<div class=\"wpb_column vc_column_container vc_col-sm-12 vc_col-md-6\"><p><img decoding=\"async\" class=\"size-medium wp-image-880\" src=\"https:\/\/liuterianatolini.ch\/wp-content\/uploads\/sites\/40\/2025\/05\/curriculum-2-300x231.jpg\" alt=\"Lehrplan 2\" width=\"300\" height=\"231\" srcset=\"https:\/\/liuterianatolini.ch\/wp-content\/uploads\/sites\/40\/2025\/05\/curriculum-2-300x231.jpg 300w, https:\/\/liuterianatolini.ch\/wp-content\/uploads\/sites\/40\/2025\/05\/curriculum-2.jpg 359w\" sizes=\"(max-width: 300px) 100vw, 300px\" \/><\/p><div class=\"vc_column-inner\"><div class=\"wpb_wrapper\"><div class=\"wpb_text_column wpb_content_element \"><div class=\"wpb_wrapper\"> <\/div><\/div><\/div><\/div><\/div><div class=\"wpb_column vc_column_container vc_col-sm-12 vc_col-md-6\"><div class=\"vc_column-inner\"><div class=\"wpb_wrapper\"><div class=\"wpb_text_column wpb_content_element \"><div class=\"wpb_wrapper\"> <\/div><\/div><\/div><\/div><\/div>\t\t\t\t\t\t\t\t<\/div>\n\t\t\t\t<\/div>\n\t\t\t\t\t<\/div>\n\t\t<\/div>\n\t\t\t\t\t<\/div>\n\t\t<\/section>\n\t\t\t\t<\/div>\n\t\t","protected":false},"excerpt":{"rendered":"<p>VALENTINO NATOLINI Meine Geschichte Valentino Natolini wurde 1976 in Lugano geboren. 2000 machte er seinen Abschluss an der I.P.A.L.L. &#8218;Antonio Stradivari&#8216; Geigenbauschule in Cremona unter der Leitung der Meister Massimo Negroni, Wanna Zambelli und Claudio Amighetti. Im gleichen Zeitraum besuchte er die von der Region Lombardei organisierten erg\u00e4nzenden Spezialisierungskurse und absolvierte seine Ausbildung in der [&hellip;]<\/p>\n","protected":false},"author":2,"featured_media":0,"parent":0,"menu_order":0,"comment_status":"closed","ping_status":"open","template":"elementor_header_footer","meta":{"_seopress_robots_primary_cat":"","_seopress_titles_title":"","_seopress_titles_desc":"","_seopress_robots_index":"","footnotes":""},"class_list":["post-412","page","type-page","status-publish","hentry"],"_links":{"self":[{"href":"https:\/\/liuterianatolini.ch\/de\/wp-json\/wp\/v2\/pages\/412","targetHints":{"allow":["GET"]}}],"collection":[{"href":"https:\/\/liuterianatolini.ch\/de\/wp-json\/wp\/v2\/pages"}],"about":[{"href":"https:\/\/liuterianatolini.ch\/de\/wp-json\/wp\/v2\/types\/page"}],"author":[{"embeddable":true,"href":"https:\/\/liuterianatolini.ch\/de\/wp-json\/wp\/v2\/users\/2"}],"replies":[{"embeddable":true,"href":"https:\/\/liuterianatolini.ch\/de\/wp-json\/wp\/v2\/comments?post=412"}],"version-history":[{"count":0,"href":"https:\/\/liuterianatolini.ch\/de\/wp-json\/wp\/v2\/pages\/412\/revisions"}],"wp:attachment":[{"href":"https:\/\/liuterianatolini.ch\/de\/wp-json\/wp\/v2\/media?parent=412"}],"curies":[{"name":"wp","href":"https:\/\/api.w.org\/{rel}","templated":true}]}}